{"id":119,"date":"2011-10-25T16:44:18","date_gmt":"2011-10-25T16:44:18","guid":{"rendered":"http:\/\/casa-shakti.com\/?page_id=119"},"modified":"2019-05-02T18:52:02","modified_gmt":"2019-05-02T18:52:02","slug":"thai-yoga-wathai","status":"publish","type":"page","link":"http:\/\/www.casa-shakti.com\/es\/shakti-massage\/thai-yoga-wathai\/","title":{"rendered":"Thai Yoga, WaThai"},"content":{"rendered":"<\/p>\n<h3>shakti-Thai-Yoga-Anwendung<\/h3>\n<p>Die traditionelle Thai-Yoga-Massage ist in Thailand unter dem Namen Nuad Phaen Boran bekannt, was soviel wie \u201euralte heilsame Ber\u00fchrung\u201c bedeutet. Im westeurop\u00e4ischen Raum ist sie unter Thai-Massage bekannt. \u00a0Sie ist eine Verbindung aus Akupressur, Dehnung (passives Yoga), Energiearbeit und Meditation. Zehn Energielinien, die nach ayurvedischer Lehre den K\u00f6rper als energetisches Netz durchziehen, werden \u00fcber sanfte Dehnung und mit dem rhythmischen Druck von Handballen, Daumen, Knien, Ellenbogen und F\u00fc\u00dfen bearbeitet. Die Thai-Yoga-Anwendung findet bekleidet auf einer Bodenmatte statt.<br \/> Sie hat immer den gesamten Menschen im Blick und wird in erster Linie zur Vorbeugung angewandt. Energieblockaden, die zu Krankheiten f\u00fchren k\u00f6nnen, werden gel\u00f6st.<br \/> <strong>90 Minuten<\/strong><\/p>\n<h3>shakti-WaThai-Anwendung &#8211; Thai-Massage im Wasser<\/h3>\n<p>Von kundigen H\u00e4nden getragen und bewegt, gleitet dein K\u00f6rper schwerelos im warmen Wasser. Die Bewegungsabl\u00e4ufe und Positionen werden mit Dehnungen, Streichungen, Reflex- und Punktmassagen verbunden, so dass die Muskulatur massiert wird, die Gelenke sanft gelockert und befreit werden. Harmonie und Wohlbefinden durchstr\u00f6men deinen ganzen K\u00f6rper. Du schwebst im Zustand des Nichts und vergisst Raum und Zeit. Dein Geist kann sich v\u00f6llig neu orientieren und neu auf den K\u00f6rper ausrichten, so dass der Bewusstseinszustand in diesem Moment dem eines Neugeborenen \u00e4hnelt.<br \/> <strong>45-60 Minuten<\/strong><\/p>\n<h3>\n","protected":false},"excerpt":{"rendered":"<p>shakti-Thai-Yoga-Anwendung Die traditionelle Thai-Yoga-Massage ist in Thailand unter dem Namen Nuad Phaen Boran bekannt, was soviel wie \u201euralte heilsame Ber\u00fchrung\u201c bedeutet. Im westeurop\u00e4ischen Raum ist sie unter Thai-Massage bekannt. \u00a0Sie ist eine Verbindung aus Akupressur, Dehnung (passives Yoga), Energiearbeit und<\/p>\n","protected":false},"author":2,"featured_media":0,"parent":114,"menu_order":0,"comment_status":"closed","ping_status":"closed","template":"","meta":[],"translation":{"provider":"WPGlobus","version":"2.8.2","language":"es","enabled_languages":["de","gb","es"],"languages":{"de":{"title":true,"content":true,"excerpt":false},"gb":{"title":true,"content":false,"excerpt":false},"es":{"title":true,"content":false,"excerpt":false}}},"_links":{"self":[{"href":"http:\/\/www.casa-shakti.com\/es\/wp-json\/wp\/v2\/pages\/119"}],"collection":[{"href":"http:\/\/www.casa-shakti.com\/es\/wp-json\/wp\/v2\/pages"}],"about":[{"href":"http:\/\/www.casa-shakti.com\/es\/wp-json\/wp\/v2\/types\/page"}],"author":[{"embeddable":true,"href":"http:\/\/www.casa-shakti.com\/es\/wp-json\/wp\/v2\/users\/2"}],"replies":[{"embeddable":true,"href":"http:\/\/www.casa-shakti.com\/es\/wp-json\/wp\/v2\/comments?post=119"}],"version-history":[{"count":30,"href":"http:\/\/www.casa-shakti.com\/es\/wp-json\/wp\/v2\/pages\/119\/revisions"}],"predecessor-version":[{"id":3889,"href":"http:\/\/www.casa-shakti.com\/es\/wp-json\/wp\/v2\/pages\/119\/revisions\/3889"}],"up":[{"embeddable":true,"href":"http:\/\/www.casa-shakti.com\/es\/wp-json\/wp\/v2\/pages\/114"}],"wp:attachment":[{"href":"http:\/\/www.casa-shakti.com\/es\/wp-json\/wp\/v2\/media?parent=119"}],"curies":[{"name":"wp","href":"https:\/\/api.w.org\/{rel}","templated":true}]}}