{"id":142,"date":"2011-10-25T16:52:22","date_gmt":"2011-10-25T16:52:22","guid":{"rendered":"http:\/\/casa-shakti.com\/?page_id=142"},"modified":"2015-12-12T16:27:38","modified_gmt":"2015-12-12T16:27:38","slug":"gastebuch","status":"publish","type":"page","link":"http:\/\/www.casa-shakti.com\/es\/kontakt\/gastebuch\/","title":{"rendered":"G\u00e4stebuch"},"content":{"rendered":"<!-- WP-ViperGB v1.4.8 -->\n<div id=\"gbHeader\" class=\"alignwide\"><div id=\"gbNavLinks\">G\u00e4stebuch anzeigen | <a href=\"\/es\/wp-json\/wp\/v2\/pages\/142?sign=1\">Trage dich ins G\u00e4stebuch ein<\/a><\/div><div id=\"gbPageLinks\">Seite: (1) <a href=\"\/es\/wp-json\/wp\/v2\/pages\/142?cpage=2\">2<\/a> <a href=\"\/es\/wp-json\/wp\/v2\/pages\/142?cpage=3\">3<\/a> <\/div><\/div>    <div id=\"gbEntriesWrap\" class=\"alignwide\">\r\n              <table class=\"gbEntry page-nav\">\r\n          <tr>\r\n            <td class=\"gbEntryLeft\" rowspan=\"3\">\r\n              <table class=\"nocellspacing\">\r\n                <tr>\r\n                  <td class=\"leftSide\">Eintrag:<\/td>\r\n                  <td class=\"rightSide\">\r\n                    22                  <\/td>\r\n                <\/tr>\r\n                <tr>\r\n                  <td class=\"leftSide vtop\">Datum:<\/td>\r\n                  <td class=\"rightSide\">\r\n                    lunes<br \/>19:08<br \/>10.10.2022                  <\/td>\r\n                <\/tr>\r\n              <\/table>\r\n            <\/td>\r\n            <td class=\"gbEntryTop\">\r\n              <div class=\"gbAuthor\">\r\n                <img alt=\"ip\" src=\"http:\/\/www.casa-shakti.com\/wp-content\/plugins\/wp-vipergb\/img\/ip.gif\" \/> implantes dentales              <\/div>\r\n              <div class=\"gbFlagAndBrowser\">\r\n                              <\/div>\r\n            <\/td>\r\n          <\/tr>\r\n          <tr>\r\n            <td class=\"gbEntryContent\">\r\n              <p>\u00e7ok te\u015fekk\u00fcrler .<\/p>\n            <\/td>\r\n          <\/tr>\r\n          <tr>\r\n            <td class=\"gbEntryBottom\">\r\n                              <img alt=\"\" src=\"http:\/\/www.casa-shakti.com\/wp-content\/plugins\/wp-vipergb\/img\/email.gif\" \/> &lt;versteckt&gt;<br \/>\r\n                                            <img alt=\"\" src=\"http:\/\/www.casa-shakti.com\/wp-content\/plugins\/wp-vipergb\/img\/home.gif\" \/> <a href=\"https:\/\/implantes-dentales-precios.com\/\">implantes-dentales-precios.com\/<\/a><br \/>\r\n                          <\/td>\r\n          <\/tr>\r\n        <\/table>\r\n              <table class=\"gbEntry page-nav\">\r\n          <tr>\r\n            <td class=\"gbEntryLeft\" rowspan=\"3\">\r\n              <table class=\"nocellspacing\">\r\n                <tr>\r\n                  <td class=\"leftSide\">Eintrag:<\/td>\r\n                  <td class=\"rightSide\">\r\n                    21                  <\/td>\r\n                <\/tr>\r\n                <tr>\r\n                  <td class=\"leftSide vtop\">Datum:<\/td>\r\n                  <td class=\"rightSide\">\r\n                    martes<br \/>11:07<br \/>31.10.2017                  <\/td>\r\n                <\/tr>\r\n              <\/table>\r\n            <\/td>\r\n            <td class=\"gbEntryTop\">\r\n              <div class=\"gbAuthor\">\r\n                <img alt=\"ip\" src=\"http:\/\/www.casa-shakti.com\/wp-content\/plugins\/wp-vipergb\/img\/ip.gif\" \/> Astrid              <\/div>\r\n              <div class=\"gbFlagAndBrowser\">\r\n                              <\/div>\r\n            <\/td>\r\n          <\/tr>\r\n          <tr>\r\n            <td class=\"gbEntryContent\">\r\n              <p>Liebe Conny! <\/p>\n<p>Danke f\u00fcr die wunderbaren Yoga-Stunden fr\u00fch morgens am Strand. Diese waren wirklich ein ganz toller Start in den Tag!  <\/p>\n<p>Weiterhin alles Gute!<br \/>\nAstrid<\/p>\n            <\/td>\r\n          <\/tr>\r\n          <tr>\r\n            <td class=\"gbEntryBottom\">\r\n                              <img alt=\"\" src=\"http:\/\/www.casa-shakti.com\/wp-content\/plugins\/wp-vipergb\/img\/email.gif\" \/> &lt;versteckt&gt;<br \/>\r\n                                        <\/td>\r\n          <\/tr>\r\n        <\/table>\r\n              <table class=\"gbEntry page-nav\">\r\n          <tr>\r\n            <td class=\"gbEntryLeft\" rowspan=\"3\">\r\n              <table class=\"nocellspacing\">\r\n                <tr>\r\n                  <td class=\"leftSide\">Eintrag:<\/td>\r\n                  <td class=\"rightSide\">\r\n                    20                  <\/td>\r\n                <\/tr>\r\n                <tr>\r\n                  <td class=\"leftSide vtop\">Datum:<\/td>\r\n                  <td class=\"rightSide\">\r\n                    mi\u00e9rcoles<br \/>10:08<br \/>03.08.2016                  <\/td>\r\n                <\/tr>\r\n              <\/table>\r\n            <\/td>\r\n            <td class=\"gbEntryTop\">\r\n              <div class=\"gbAuthor\">\r\n                <img alt=\"ip\" src=\"http:\/\/www.casa-shakti.com\/wp-content\/plugins\/wp-vipergb\/img\/ip.gif\" \/> Markus              <\/div>\r\n              <div class=\"gbFlagAndBrowser\">\r\n                              <\/div>\r\n            <\/td>\r\n          <\/tr>\r\n          <tr>\r\n            <td class=\"gbEntryContent\">\r\n              <p>Wir wollten euch einfach mal viele Gr\u00fc\u00dfe aus K\u00f6ln schicken. Markus &amp; Steffi<\/p>\n            <\/td>\r\n          <\/tr>\r\n          <tr>\r\n            <td class=\"gbEntryBottom\">\r\n                              <img alt=\"\" src=\"http:\/\/www.casa-shakti.com\/wp-content\/plugins\/wp-vipergb\/img\/email.gif\" \/> &lt;versteckt&gt;<br \/>\r\n                                            <img alt=\"\" src=\"http:\/\/www.casa-shakti.com\/wp-content\/plugins\/wp-vipergb\/img\/home.gif\" \/> <a href=\"http:\/\/planetgomera.com\">planetgomera.com<\/a><br \/>\r\n                          <\/td>\r\n          <\/tr>\r\n        <\/table>\r\n              <table class=\"gbEntry page-nav\">\r\n          <tr>\r\n            <td class=\"gbEntryLeft\" rowspan=\"3\">\r\n              <table class=\"nocellspacing\">\r\n                <tr>\r\n                  <td class=\"leftSide\">Eintrag:<\/td>\r\n                  <td class=\"rightSide\">\r\n                    19                  <\/td>\r\n                <\/tr>\r\n                <tr>\r\n                  <td class=\"leftSide vtop\">Datum:<\/td>\r\n                  <td class=\"rightSide\">\r\n                    s\u00e1bado<br \/>15:57<br \/>02.04.2016                  <\/td>\r\n                <\/tr>\r\n              <\/table>\r\n            <\/td>\r\n            <td class=\"gbEntryTop\">\r\n              <div class=\"gbAuthor\">\r\n                <img alt=\"ip\" src=\"http:\/\/www.casa-shakti.com\/wp-content\/plugins\/wp-vipergb\/img\/ip.gif\" \/> Eva              <\/div>\r\n              <div class=\"gbFlagAndBrowser\">\r\n                              <\/div>\r\n            <\/td>\r\n          <\/tr>\r\n          <tr>\r\n            <td class=\"gbEntryContent\">\r\n              <p>Ich habe die beiden Yogastunden bei Conny sehr genossen. Trotz Problemen mit der rechten H\u00fcfte konnte ich gut mitmachen und Conny hat mir die Angst vor der Bewegung genommen.Ich wei\u00df jetzt, dass es wichtig f\u00fcr mich ist, die H\u00fcfte zu mobilisieren und zwar so viel, wie es mir guttut!<\/p>\n            <\/td>\r\n          <\/tr>\r\n          <tr>\r\n            <td class=\"gbEntryBottom\">\r\n                              <img alt=\"\" src=\"http:\/\/www.casa-shakti.com\/wp-content\/plugins\/wp-vipergb\/img\/email.gif\" \/> &lt;versteckt&gt;<br \/>\r\n                                        <\/td>\r\n          <\/tr>\r\n        <\/table>\r\n              <table class=\"gbEntry page-nav\">\r\n          <tr>\r\n            <td class=\"gbEntryLeft\" rowspan=\"3\">\r\n              <table class=\"nocellspacing\">\r\n                <tr>\r\n                  <td class=\"leftSide\">Eintrag:<\/td>\r\n                  <td class=\"rightSide\">\r\n                    18                  <\/td>\r\n                <\/tr>\r\n                <tr>\r\n                  <td class=\"leftSide vtop\">Datum:<\/td>\r\n                  <td class=\"rightSide\">\r\n                    domingo<br \/>11:34<br \/>13.12.2015                  <\/td>\r\n                <\/tr>\r\n              <\/table>\r\n            <\/td>\r\n            <td class=\"gbEntryTop\">\r\n              <div class=\"gbAuthor\">\r\n                <img alt=\"ip\" src=\"http:\/\/www.casa-shakti.com\/wp-content\/plugins\/wp-vipergb\/img\/ip.gif\" \/> Petra              <\/div>\r\n              <div class=\"gbFlagAndBrowser\">\r\n                              <\/div>\r\n            <\/td>\r\n          <\/tr>\r\n          <tr>\r\n            <td class=\"gbEntryContent\">\r\n              <p>Ich habe Ende November 2015 eine Woche in Costa Teguise verbracht und fast t\u00e4glich Yoga bei Conny im shakti-yoga Studio gemacht. Das hat mir sehr gut gefallen: Die R\u00e4ume in der Anlage sind hell und sehr sch\u00f6n gestaltet, das Yoga hat sehr sehr gut getan. Conny hat teilweise in englisch unterrichtet, was f\u00fcr mich neu war, aber absolut kein Problem!<br \/>\nDas Highlight meiner Woche war die Wanderung mit Conny im Norden der Insel, mit einer Krater-Umrundung und Picknick mit grandioser Aussicht! An diesen Ort w\u00e4re ich ohne Conny ganz bestimmt nicht gekommen. Herzlichen Dank an Dich, Conny!<\/p>\n            <\/td>\r\n          <\/tr>\r\n          <tr>\r\n            <td class=\"gbEntryBottom\">\r\n                              <img alt=\"\" src=\"http:\/\/www.casa-shakti.com\/wp-content\/plugins\/wp-vipergb\/img\/email.gif\" \/> &lt;versteckt&gt;<br \/>\r\n                                        <\/td>\r\n          <\/tr>\r\n        <\/table>\r\n              <table class=\"gbEntry page-nav\">\r\n          <tr>\r\n            <td class=\"gbEntryLeft\" rowspan=\"3\">\r\n              <table class=\"nocellspacing\">\r\n                <tr>\r\n                  <td class=\"leftSide\">Eintrag:<\/td>\r\n                  <td class=\"rightSide\">\r\n                    17                  <\/td>\r\n                <\/tr>\r\n                <tr>\r\n                  <td class=\"leftSide vtop\">Datum:<\/td>\r\n                  <td class=\"rightSide\">\r\n                    domingo<br \/>19:37<br \/>12.10.2014                  <\/td>\r\n                <\/tr>\r\n              <\/table>\r\n            <\/td>\r\n            <td class=\"gbEntryTop\">\r\n              <div class=\"gbAuthor\">\r\n                <img alt=\"ip\" src=\"http:\/\/www.casa-shakti.com\/wp-content\/plugins\/wp-vipergb\/img\/ip.gif\" \/> Sandra              <\/div>\r\n              <div class=\"gbFlagAndBrowser\">\r\n                              <\/div>\r\n            <\/td>\r\n          <\/tr>\r\n          <tr>\r\n            <td class=\"gbEntryContent\">\r\n              <p>Liebe Conny, liebe Sandra, <\/p>\n<p>vielen herzlichen Dank f\u00fcr die wundersch\u00f6nen Tage bei euch auf Lanzarote! Es war einer meiner sch\u00f6nsten Urlaube, gef\u00fcllt mit Yoga und allem, was mich entspannen lies. Ihr zeigtet uns wundersch\u00f6ne Pl\u00e4tze auf der Insel, K\u00fcsten zum Baden fern von Touristenrummel, herrliche Aussichten, leckerste Restaurants und Vieles mehr. ..<br \/>\nDie sieben Tage haben f\u00fcr mich erfahrbar gemacht, wovon ein liebenswerter Herr und leidenschaftlicher Lanzarotel-Liebhaber mir zuvor im Flugzeug \u00fcber die Insel sagte.<br \/>\nEr meinte, er  \u00abw\u00fcrde das gerne machen, wie der Papst: mich auf den Boden knien und den Boden k\u00fcssen.\u00bb<\/p>\n<p>Alles Gute f\u00fcr Euch!<\/p>\n            <\/td>\r\n          <\/tr>\r\n          <tr>\r\n            <td class=\"gbEntryBottom\">\r\n                              <img alt=\"\" src=\"http:\/\/www.casa-shakti.com\/wp-content\/plugins\/wp-vipergb\/img\/email.gif\" \/> &lt;versteckt&gt;<br \/>\r\n                                        <\/td>\r\n          <\/tr>\r\n        <\/table>\r\n              <table class=\"gbEntry page-nav\">\r\n          <tr>\r\n            <td class=\"gbEntryLeft\" rowspan=\"3\">\r\n              <table class=\"nocellspacing\">\r\n                <tr>\r\n                  <td class=\"leftSide\">Eintrag:<\/td>\r\n                  <td class=\"rightSide\">\r\n                    16                  <\/td>\r\n                <\/tr>\r\n                <tr>\r\n                  <td class=\"leftSide vtop\">Datum:<\/td>\r\n                  <td class=\"rightSide\">\r\n                    s\u00e1bado<br \/>09:28<br \/>04.10.2014                  <\/td>\r\n                <\/tr>\r\n              <\/table>\r\n            <\/td>\r\n            <td class=\"gbEntryTop\">\r\n              <div class=\"gbAuthor\">\r\n                <img alt=\"ip\" src=\"http:\/\/www.casa-shakti.com\/wp-content\/plugins\/wp-vipergb\/img\/ip.gif\" \/> Anne, Kai, Marit, Frederik              <\/div>\r\n              <div class=\"gbFlagAndBrowser\">\r\n                              <\/div>\r\n            <\/td>\r\n          <\/tr>\r\n          <tr>\r\n            <td class=\"gbEntryContent\">\r\n              <p>Liebe Conny, liebe Sandra, wir hatten eine ganz tolle Woche mit unseren beiden kleinen Kindern (3 Jahre und 7 Monate) in Eurem wundersch\u00f6nen Haus in Guatiza &#8211; mit Blick auf das Meer und die Vulkanberge Lanzarotes! Das Haus mit seiner unglaublichen Terrasse ist absolut kindertauglich. Conny, vielen Dank, dass Du extra f\u00fcr uns das Babybett organisiert hast (ganz zu schweigen vom Strandspielzeug)! Wir haben uns ausgesprochen wohl gef\u00fchlt und k\u00f6nnen jedem nur empfehlen, einmal eine Woche bei Euch zu verbringen! Alles Liebe! Anne, Kai, Marit und Frederik<\/p>\n            <\/td>\r\n          <\/tr>\r\n          <tr>\r\n            <td class=\"gbEntryBottom\">\r\n                              <img alt=\"\" src=\"http:\/\/www.casa-shakti.com\/wp-content\/plugins\/wp-vipergb\/img\/email.gif\" \/> &lt;versteckt&gt;<br \/>\r\n                                        <\/td>\r\n          <\/tr>\r\n        <\/table>\r\n              <table class=\"gbEntry page-nav\">\r\n          <tr>\r\n            <td class=\"gbEntryLeft\" rowspan=\"3\">\r\n              <table class=\"nocellspacing\">\r\n                <tr>\r\n                  <td class=\"leftSide\">Eintrag:<\/td>\r\n                  <td class=\"rightSide\">\r\n                    15                  <\/td>\r\n                <\/tr>\r\n                <tr>\r\n                  <td class=\"leftSide vtop\">Datum:<\/td>\r\n                  <td class=\"rightSide\">\r\n                    jueves<br \/>20:56<br \/>13.02.2014                  <\/td>\r\n                <\/tr>\r\n              <\/table>\r\n            <\/td>\r\n            <td class=\"gbEntryTop\">\r\n              <div class=\"gbAuthor\">\r\n                <img alt=\"ip\" src=\"http:\/\/www.casa-shakti.com\/wp-content\/plugins\/wp-vipergb\/img\/ip.gif\" \/> Tracy              <\/div>\r\n              <div class=\"gbFlagAndBrowser\">\r\n                              <\/div>\r\n            <\/td>\r\n          <\/tr>\r\n          <tr>\r\n            <td class=\"gbEntryContent\">\r\n              <p>Sssshhhh!! Hear that? No? The sound of silence is golden in Casa Shakti and the lovely energy will soothe your soul. This place is a special place, a place to forget time and just flow. Watch the sunrise over coffee and begin to live again. Thank you to Conny and Sandra for creating such a heaven and I will return. Namaste \ud83d\ude42<\/p>\n            <\/td>\r\n          <\/tr>\r\n          <tr>\r\n            <td class=\"gbEntryBottom\">\r\n                              <img alt=\"\" src=\"http:\/\/www.casa-shakti.com\/wp-content\/plugins\/wp-vipergb\/img\/email.gif\" \/> &lt;versteckt&gt;<br \/>\r\n                                        <\/td>\r\n          <\/tr>\r\n        <\/table>\r\n              <table class=\"gbEntry page-nav\">\r\n          <tr>\r\n            <td class=\"gbEntryLeft\" rowspan=\"3\">\r\n              <table class=\"nocellspacing\">\r\n                <tr>\r\n                  <td class=\"leftSide\">Eintrag:<\/td>\r\n                  <td class=\"rightSide\">\r\n                    14                  <\/td>\r\n                <\/tr>\r\n                <tr>\r\n                  <td class=\"leftSide vtop\">Datum:<\/td>\r\n                  <td class=\"rightSide\">\r\n                    mi\u00e9rcoles<br \/>12:41<br \/>12.02.2014                  <\/td>\r\n                <\/tr>\r\n              <\/table>\r\n            <\/td>\r\n            <td class=\"gbEntryTop\">\r\n              <div class=\"gbAuthor\">\r\n                <img alt=\"ip\" src=\"http:\/\/www.casa-shakti.com\/wp-content\/plugins\/wp-vipergb\/img\/ip.gif\" \/> Nadia              <\/div>\r\n              <div class=\"gbFlagAndBrowser\">\r\n                              <\/div>\r\n            <\/td>\r\n          <\/tr>\r\n          <tr>\r\n            <td class=\"gbEntryContent\">\r\n              <p>&#8230;&#8230;Casa Shakti ist ein Ort an dem man zu sich kommen kann!&#8230;..<br \/>\nsehr sch\u00f6n und besonders!<br \/>\nDanke f\u00fcr Massage ,Yoga, eure Pr\u00e4senz! und die sch\u00f6nen Orte an denen ich mit euch war!<br \/>\nNadia<\/p>\n            <\/td>\r\n          <\/tr>\r\n          <tr>\r\n            <td class=\"gbEntryBottom\">\r\n                              <img alt=\"\" src=\"http:\/\/www.casa-shakti.com\/wp-content\/plugins\/wp-vipergb\/img\/email.gif\" \/> &lt;versteckt&gt;<br \/>\r\n                                        <\/td>\r\n          <\/tr>\r\n        <\/table>\r\n              <table class=\"gbEntry page-nav\">\r\n          <tr>\r\n            <td class=\"gbEntryLeft\" rowspan=\"3\">\r\n              <table class=\"nocellspacing\">\r\n                <tr>\r\n                  <td class=\"leftSide\">Eintrag:<\/td>\r\n                  <td class=\"rightSide\">\r\n                    13                  <\/td>\r\n                <\/tr>\r\n                <tr>\r\n                  <td class=\"leftSide vtop\">Datum:<\/td>\r\n                  <td class=\"rightSide\">\r\n                    domingo<br \/>19:18<br \/>02.02.2014                  <\/td>\r\n                <\/tr>\r\n              <\/table>\r\n            <\/td>\r\n            <td class=\"gbEntryTop\">\r\n              <div class=\"gbAuthor\">\r\n                <img alt=\"ip\" src=\"http:\/\/www.casa-shakti.com\/wp-content\/plugins\/wp-vipergb\/img\/ip.gif\" \/> Heidi              <\/div>\r\n              <div class=\"gbFlagAndBrowser\">\r\n                              <\/div>\r\n            <\/td>\r\n          <\/tr>\r\n          <tr>\r\n            <td class=\"gbEntryContent\">\r\n              <p>Normalerweise nimmt man sich immer vor, in das G\u00e4stebuch zu schreiben und macht es dann doch nicht. Dieses Mal jedoch setze ich mein Vorhaben um, weil uns unser Aufenthalt in der Casa Shakti so gut gefallen hat. Abseits des Touristenrummels liegt das Haus im Ort Guatiza. Der h\u00fcbsche Eindruck, den ich von den Fotos auf der Internetseite gewonnen hatte, wurde noch \u00fcbertroffen. Das ist bei den sch\u00f6nenden Fotos der Hotelseiten oft umgekehrt. Von Wohnzimmer, K\u00fcche und gro\u00dfer Terrasse sieht man das Meer, welches wir bei  wundersch\u00f6nen Sonnenauf- und Unterg\u00e4ngen erleben durften. M\u00f6chte man die Insel ausgiebig erkunden, empfiehlt sich ein Mietwagen. Will man jedoch nur relaxen, sich erholen und ert\u00fcchtigen, so bietet die Casa Shakti vielf\u00e4ltige M\u00f6glichkeiten.<br \/>\nAngesichts des windigen, und f\u00fcr Lanzarote ungew\u00f6hnlich kalten Wetters, konnten wir leider keine Wanderung mit Conny unternehmen, was wir sehr bedauert haben.<br \/>\nAber wir wurden mit einer wunderbar entspannenden Hot Stone Massage  von Sandra  verw\u00f6hnt.  Auch die Yoga-Kurse haben uns super gefallen. F\u00fcr den Fall, da\u00df einem die \u00dcbungen in der vorgef\u00fchrten Weise nicht m\u00f6glich waren, wurden alternative \u00dcbungen genannt. Was uns aber besonders aufgefallen ist, ist die Tatsache, da\u00df jeder Teilnehmer von Conny beachtet wurde und, wenn man etwas falsch machte, sanft aber pr\u00e4zise korrigiert wurde. Das kenne ich von anderen Kursen in der Form nicht. Dort wurde zwar darauf hingewiesen, worauf zu achten sei, aber eine pers\u00f6nliche  Korrektur gab es nicht. Erw\u00e4hnenswert ist auch, das jeder Teilnehmer bei der Endentspannung von Conny mit Entspannungsgriffen verw\u00f6hnt wurde. Einfach toll.<br \/>\nAuch die ayurvedische K\u00fcche von Frau Kiani war sehr schmackhaft und vielf\u00e4ltig.<br \/>\nDas ruft nach Wiederholung.<br \/>\nB\u00e4rbel und Heidi<\/p>\n            <\/td>\r\n          <\/tr>\r\n          <tr>\r\n            <td class=\"gbEntryBottom\">\r\n                              <img alt=\"\" src=\"http:\/\/www.casa-shakti.com\/wp-content\/plugins\/wp-vipergb\/img\/email.gif\" \/> &lt;versteckt&gt;<br \/>\r\n                                        <\/td>\r\n          <\/tr>\r\n        <\/table>\r\n            <span id=\"gbCredit\">Bereitgestellt von WP-ViperGB<\/span><\/div>","protected":false},"excerpt":{"rendered":"<p>G\u00e4stebuch anzeigen | Trage dich ins G\u00e4stebuch einSeite: (1) 2 3 Eintrag: 22 Datum: lunes19:0810.10.2022 implantes dentales \u00e7ok te\u015fekk\u00fcrler . &lt;versteckt&gt; implantes-dentales-precios.com\/ Eintrag: 21 Datum: martes11:0731.10.2017 Astrid Liebe Conny! Danke f\u00fcr die wunderbaren Yoga-Stunden fr\u00fch morgens am Strand. Diese waren<\/p>\n","protected":false},"author":2,"featured_media":0,"parent":134,"menu_order":0,"comment_status":"open","ping_status":"closed","template":"","meta":[],"translation":{"provider":"WPGlobus","version":"2.8.2","language":"es","enabled_languages":["de","gb","es"],"languages":{"de":{"title":true,"content":false,"excerpt":false},"gb":{"title":false,"content":false,"excerpt":false},"es":{"title":false,"content":false,"excerpt":false}}},"_links":{"self":[{"href":"http:\/\/www.casa-shakti.com\/es\/wp-json\/wp\/v2\/pages\/142"}],"collection":[{"href":"http:\/\/www.casa-shakti.com\/es\/wp-json\/wp\/v2\/pages"}],"about":[{"href":"http:\/\/www.casa-shakti.com\/es\/wp-json\/wp\/v2\/types\/page"}],"author":[{"embeddable":true,"href":"http:\/\/www.casa-shakti.com\/es\/wp-json\/wp\/v2\/users\/2"}],"replies":[{"embeddable":true,"href":"http:\/\/www.casa-shakti.com\/es\/wp-json\/wp\/v2\/comments?post=142"}],"version-history":[{"count":14,"href":"http:\/\/www.casa-shakti.com\/es\/wp-json\/wp\/v2\/pages\/142\/revisions"}],"predecessor-version":[{"id":3941,"href":"http:\/\/www.casa-shakti.com\/es\/wp-json\/wp\/v2\/pages\/142\/revisions\/3941"}],"up":[{"embeddable":true,"href":"http:\/\/www.casa-shakti.com\/es\/wp-json\/wp\/v2\/pages\/134"}],"wp:attachment":[{"href":"http:\/\/www.casa-shakti.com\/es\/wp-json\/wp\/v2\/media?parent=142"}],"curies":[{"name":"wp","href":"https:\/\/api.w.org\/{rel}","templated":true}]}}