{"id":90,"date":"2011-10-25T16:34:40","date_gmt":"2011-10-25T16:34:40","guid":{"rendered":"http:\/\/casa-shakti.com\/?page_id=90"},"modified":"2016-07-26T14:01:50","modified_gmt":"2016-07-26T14:01:50","slug":"shakti-holidays","status":"publish","type":"page","link":"http:\/\/www.casa-shakti.com\/es\/relax-and-feel\/shakti-holidays\/","title":{"rendered":"shakti-holidays"},"content":{"rendered":"<p>&nbsp;<\/p>\n<h5 style=\"text-align: center;\">feel and relax &#8211; shakti-yoga &#8211; yoga and holidays, das ist Yoga und Urlaub auf Lanzarote&#8230;<\/h5>\n<p><img loading=\"lazy\" class=\"so-widget-image\" style=\"max-width: 100%; height: auto; display: block;\" src=\"http:\/\/www.casa-shakti.com\/wp-content\/uploads\/2011\/10\/Strich-quer_grau_2.png\" alt=\"\" width=\"1050\" height=\"1\" \/> \u00a0 <a href=\"http:\/\/www.casa-shakti.com\/yoga-im-vulkan\/\"> <img loading=\"lazy\" class=\"so-widget-image\" style=\"max-width: 100%; height: auto; display: block;\" src=\"http:\/\/www.casa-shakti.com\/wp-content\/uploads\/2012\/12\/P10101471.jpg\" alt=\"\" width=\"2560\" height=\"1920\" \/> <\/a><\/p>\n<h3 class=\"widget-title\">Yoga im Vulkan<\/h3>\n<p><a href=\"http:\/\/www.casa-shakti.com\/yoga-im-vulkan\/\"><span style=\"color: #993366;\">\u00a0&#8230; am Strand, auf dem Wasser oder auf der Yogamatte mit Meerblick!<\/span><\/a><a href=\"http:\/\/www.casa-shakti.com\/yoga-im-vulkan\/\"><span style=\"color: #993366;\">Eine unvergessliche Woche Yoga Urlaub auf der Insel Lanzarote erwartet dich mit shakti-yoga.<\/span><\/a><a href=\"http:\/\/www.casa-shakti.com\/yoga-im-vulkan\/\"><span style=\"color: #993366;\"><em>&#8230;mehr<\/em><\/span><\/a>\u00a0 <img loading=\"lazy\" class=\"so-widget-image\" style=\"max-width: 100%; height: auto; display: block;\" src=\"http:\/\/www.casa-shakti.com\/wp-content\/uploads\/2011\/10\/Strich_grau_22.png\" alt=\"\" width=\"1\" height=\"567\" \/> <a href=\"http:\/\/www.casa-shakti.com\/urlaub-zum-selber-basteln\/yoga-und-wandern\/\"> <img loading=\"lazy\" class=\"so-widget-image\" style=\"max-width: 100%; height: auto; display: block;\" src=\"http:\/\/www.casa-shakti.com\/wp-content\/uploads\/2013\/01\/senderismo77.jpg\" alt=\"\" width=\"504\" height=\"360\" \/> <\/a><\/p>\n<h3 class=\"widget-title\">Yoga &amp; Wandern<\/h3>\n<p><a href=\"http:\/\/www.casa-shakti.com\/urlaub-zum-selber-basteln\/yoga-und-wandern\/\"><span style=\"color: #993366;\">Nach deiner morgendlichen Yogapraxis erwandern und entdecken wir an drei Tagen auf unterschiedlichen Wanderwegen, die magische Sch\u00f6nheit und Vielseitigkeit der Natur Lanzarotes.<\/span><\/a><br \/>\n<a href=\"http:\/\/www.casa-shakti.com\/urlaub-zum-selber-basteln\/yoga-und-wandern\/\"><span style=\"color: #993366;\"><em>&#8230;mehr<\/em><\/span><\/a><\/p>\n<p><img loading=\"lazy\" class=\"so-widget-image\" style=\"max-width: 100%; height: auto; display: block;\" src=\"http:\/\/www.casa-shakti.com\/wp-content\/uploads\/2011\/10\/Strich_grau_22.png\" alt=\"\" width=\"1\" height=\"567\" \/> <a href=\"http:\/\/www.casa-shakti.com\/weihnachten-und-silvester-special\/\"> <img loading=\"lazy\" class=\"so-widget-image\" style=\"max-width: 100%; height: auto; display: block;\" src=\"http:\/\/www.casa-shakti.com\/wp-content\/uploads\/2011\/10\/flyer_yadv_2.jpg\" alt=\"\" width=\"1480\" height=\"1052\" \/> <\/a><\/p>\n<h3 class=\"widget-title\">NEWS<\/h3>\n<p><span style=\"color: #993366;\"><a href=\"http:\/\/www.casa-shakti.com\/newsl\/\">NEWS &#8211; WAS GIBTS NEUES BEI SHAKTI-YOGA LANZAROTE<\/a><\/span><br \/>\n<a href=\"http:\/\/www.casa-shakti.com\/weihnachten-und-silvester-special\/\"><span style=\"color: #993366;\"><em>\u2026mehr<\/em><\/span><\/a>\u00a0\u00a0\u00a0 <img loading=\"lazy\" class=\"so-widget-image\" style=\"max-width: 100%; height: auto; display: block;\" src=\"http:\/\/www.casa-shakti.com\/wp-content\/uploads\/2011\/10\/Strich-quer_grau_2.png\" alt=\"\" width=\"1050\" height=\"1\" \/> \u00a0 <a href=\"http:\/\/www.casa-shakti.com\/anreise\/\"> <img loading=\"lazy\" class=\"so-widget-image\" style=\"max-width: 100%; height: auto; display: block;\" src=\"http:\/\/www.casa-shakti.com\/wp-content\/uploads\/2011\/10\/pasted-image-small-191.png\" alt=\"\" width=\"256\" height=\"172\" \/> <\/a><\/p>\n<h3 class=\"widget-title\">Anreise<\/h3>\n<p><a href=\"http:\/\/www.casa-shakti.com\/anreise\/\">Buche deinen Flug entweder \u00fcber dein Reiseb\u00fcro oder \u00fcber das Internet.<br \/>\n<\/a><a href=\"http:\/\/www.casa-shakti.com\/anreise\/\">Hier eine Liste mit Fluggesellschaften, die Lanzarote von Deutschland \/Schweiz \/ \u00d6sterreich \/ Belgien und Niederlande aus anfliegen<br \/>\n<\/a><a href=\"http:\/\/www.casa-shakti.com\/anreise\/\"><em>&#8230;mehr<\/em><\/a>\u00a0 <img loading=\"lazy\" class=\"so-widget-image\" style=\"max-width: 100%; height: auto; display: block;\" src=\"http:\/\/www.casa-shakti.com\/wp-content\/uploads\/2011\/10\/Strich_grau_22.png\" alt=\"\" width=\"1\" height=\"567\" \/> <a href=\"http:\/\/www.casa-shakti.com\/relax-and-feel\/lanzarote\/\"> <img loading=\"lazy\" class=\"so-widget-image\" style=\"max-width: 100%; height: auto; display: block;\" src=\"http:\/\/www.casa-shakti.com\/wp-content\/uploads\/2011\/10\/031.jpg\" alt=\"\" width=\"800\" height=\"532\" \/> <\/a><\/p>\n<h3 class=\"widget-title\">Lanzarote<\/h3>\n<p><a href=\"http:\/\/www.casa-shakti.com\/relax-and-feel\/lanzarote\/\">Schon in der Antike wurden die Kanaren die \u201cGl\u00fccklichen Inseln\u201c oder die \u201cInseln der Seligen\u201c genannt.\u00a0Die Sch\u00f6nheit der Vulkaninsel, das milde Klima sowie die immer scheinende Sonne machen einen Urlaub auf\u00a0Lanzarote\u00a0zu einem unvergesslichen Erlebnis.<\/a><br \/>\n<a href=\"http:\/\/www.casa-shakti.com\/relax-and-feel\/lanzarote\/\">\u2026<i>mehr<\/i><\/a>\u00a0 <img loading=\"lazy\" class=\"so-widget-image\" style=\"max-width: 100%; height: auto; display: block;\" src=\"http:\/\/www.casa-shakti.com\/wp-content\/uploads\/2011\/10\/Strich_grau_22.png\" alt=\"\" width=\"1\" height=\"567\" \/> <a href=\"http:\/\/www.casa-shakti.com\/und-mehr\/\"> <img loading=\"lazy\" class=\"so-widget-image\" style=\"max-width: 100%; height: auto; display: block;\" src=\"http:\/\/www.casa-shakti.com\/wp-content\/uploads\/2011\/10\/2014-08-life-of-pix-free-stock-photos-food-sandwich-Vegetables-kitchen-1.jpg\" alt=\"\" width=\"1417\" height=\"971\" \/> <\/a><\/p>\n<h3 class=\"widget-title\">und mehr\u2026<\/h3>\n<p><a href=\"http:\/\/www.casa-shakti.com\/und-mehr\/\">an Aktivit\u00e4ten kannst du mit shakti-yoga erleben, Wandern &#8211; Kochen &#8211; Surfen &#8211; SUP usw.<\/a><br \/>\n<a href=\"http:\/\/www.casa-shakti.com\/und-mehr\/\">\u2026<i>mehr<\/i><\/a><\/p>\n<p><img loading=\"lazy\" class=\"so-widget-image\" style=\"max-width: 100%; height: auto; display: block;\" src=\"http:\/\/www.casa-shakti.com\/wp-content\/uploads\/2011\/10\/Strich-quer_grau_2.png\" alt=\"\" width=\"1050\" height=\"1\" \/> <img loading=\"lazy\" class=\"so-widget-image\" style=\"max-width: 100%; height: auto; display: block;\" src=\"http:\/\/www.casa-shakti.com\/wp-content\/uploads\/2011\/10\/yoga-pose3.png\" alt=\"\" width=\"1417\" height=\"411\" \/><\/p>\n","protected":false},"excerpt":{"rendered":"<p>&nbsp; feel and relax &#8211; shakti-yoga &#8211; yoga and holidays, das ist Yoga und Urlaub auf Lanzarote&#8230; \u00a0 Yoga im Vulkan \u00a0&#8230; am Strand, auf dem Wasser oder auf der Yogamatte mit Meerblick!Eine unvergessliche Woche Yoga Urlaub auf der Insel<\/p>\n","protected":false},"author":2,"featured_media":0,"parent":57,"menu_order":0,"comment_status":"closed","ping_status":"closed","template":"page-templates\/contact.php","meta":[],"translation":{"provider":"WPGlobus","version":"2.8.2","language":"es","enabled_languages":["de","gb","es"],"languages":{"de":{"title":true,"content":true,"excerpt":false},"gb":{"title":false,"content":false,"excerpt":false},"es":{"title":false,"content":false,"excerpt":false}}},"_links":{"self":[{"href":"http:\/\/www.casa-shakti.com\/es\/wp-json\/wp\/v2\/pages\/90"}],"collection":[{"href":"http:\/\/www.casa-shakti.com\/es\/wp-json\/wp\/v2\/pages"}],"about":[{"href":"http:\/\/www.casa-shakti.com\/es\/wp-json\/wp\/v2\/types\/page"}],"author":[{"embeddable":true,"href":"http:\/\/www.casa-shakti.com\/es\/wp-json\/wp\/v2\/users\/2"}],"replies":[{"embeddable":true,"href":"http:\/\/www.casa-shakti.com\/es\/wp-json\/wp\/v2\/comments?post=90"}],"version-history":[{"count":49,"href":"http:\/\/www.casa-shakti.com\/es\/wp-json\/wp\/v2\/pages\/90\/revisions"}],"predecessor-version":[{"id":2802,"href":"http:\/\/www.casa-shakti.com\/es\/wp-json\/wp\/v2\/pages\/90\/revisions\/2802"}],"up":[{"embeddable":true,"href":"http:\/\/www.casa-shakti.com\/es\/wp-json\/wp\/v2\/pages\/57"}],"wp:attachment":[{"href":"http:\/\/www.casa-shakti.com\/es\/wp-json\/wp\/v2\/media?parent=90"}],"curies":[{"name":"wp","href":"https:\/\/api.w.org\/{rel}","templated":true}]}}