{"id":96,"date":"2011-10-25T16:36:09","date_gmt":"2011-10-25T16:36:09","guid":{"rendered":"http:\/\/casa-shakti.com\/?page_id=96"},"modified":"2015-09-16T14:19:04","modified_gmt":"2015-09-16T14:19:04","slug":"anreise","status":"publish","type":"page","link":"http:\/\/www.casa-shakti.com\/es\/anreise\/","title":{"rendered":"Anreise"},"content":{"rendered":"<p style=\"text-align: center;\">Hier die Wegbeschreibung zum shakti-yoga Studio:<\/p>\n<p style=\"text-align: center;\"><a href=\"http:\/\/www.casa-shakti.com\/wp-content\/uploads\/2011\/10\/Teguisol-Residente-google.jpg\"><img loading=\"lazy\" class=\"aligncenter wp-image-3233 \" src=\"http:\/\/www.casa-shakti.com\/wp-content\/uploads\/2011\/10\/Teguisol-Residente-google-300x178.jpg\" alt=\"\" width=\"486\" height=\"303\" \/><\/a><br \/>\n<small><a href=\"https:\/\/www.google.de\/maps\/place\/Teguisol+Residencial\/@29.005907,-13.484323,17z\/data=!3m1!4b1!4m2!3m1!1s0xc4627a74cbfb66d:0x59596d54f9fac4d0?hl=de\">Gr\u00f6\u00dfere Kartenansicht<\/a><\/small><\/p>\n<p><img loading=\"lazy\" class=\"so-widget-image\" style=\"max-width: 100%; height: auto; display: block;\" src=\"http:\/\/www.casa-shakti.com\/wp-content\/uploads\/2011\/10\/Strich-quer_grau_2.png\" alt=\"\" width=\"1050\" height=\"1\" \/><\/p>\n<p style=\"text-align: center;\">Buche deinen Flug entweder \u00fcber dein Reiseb\u00fcro oder \u00fcber das Internet.<br \/>\nHier eine Liste mit Fluggesellschaften, die Lanzarote von Deutschland \/Schweiz \/ \u00d6sterreich \/ Belgien und Niederlande aus anfliegen:<\/p>\n<h3 style=\"text-align: left;\"><span style=\"text-decoration: underline;\"><span style=\"color: #993366; text-decoration: underline;\">Deutschland<\/span><\/span><\/h3>\n<p><strong><span style=\"color: #333333;\">Berlin-Sch\u00f6nefeld<\/span><\/strong><br \/>\n<span style=\"color: #333333;\"><a href=\"http:\/\/www.airberlin.com\/de-DE\/site\/start.php?gclid=CjwKEAjw-ZqrBRDt_KjhjcbzhhISJAAlRGvlK-nC2mF7gcfUIA2uSNBPXFtg3MZCto8ocQpegSC8cBoC7djw_wcB&amp;gclsrc=aw.ds\" target=\"_blank\">Air Berlin<\/a> \/ <a href=\"https:\/\/www.condor.com\/de\/index.jsp\" target=\"_blank\">Condor<\/a> \/ <a href=\"https:\/\/www.tuifly.com\/de\/index.html\" target=\"_blank\">TUIfly<\/a><\/span><\/p>\n<p><strong><span style=\"color: #333333;\">Berlin Tegel<\/span><\/strong><br \/>\n<span style=\"color: #333333;\"><a href=\"http:\/\/www.airberlin.com\/de-DE\/site\/start.php?gclid=CjwKEAjw-ZqrBRDt_KjhjcbzhhISJAAlRGvlK-nC2mF7gcfUIA2uSNBPXFtg3MZCto8ocQpegSC8cBoC7djw_wcB&amp;gclsrc=aw.ds\" target=\"_blank\">Air Berlin<\/a> \/ <a href=\"https:\/\/www.tuifly.com\/de\/index.html\" target=\"_blank\">TUIfly<\/a><\/span><\/p>\n<p><strong><span style=\"color: #333333;\">Bremen<\/span><\/strong><br \/>\n<span style=\"color: #333333;\"><a href=\"https:\/\/www.flygermania.de\/de\/\" target=\"_blank\">Germania<\/a> \/ <a href=\"https:\/\/www.tuifly.com\/de\/index.html\" target=\"_blank\">TUIfly<\/a><\/span><\/p>\n<p><strong><span style=\"color: #333333;\">D\u00fcsseldorf\/Weeze<\/span><\/strong><br \/>\n<span style=\"color: #333333;\"><a href=\"http:\/\/www.airberlin.com\/de-DE\/site\/start.php?gclid=CjwKEAjw-ZqrBRDt_KjhjcbzhhISJAAlRGvlK-nC2mF7gcfUIA2uSNBPXFtg3MZCto8ocQpegSC8cBoC7djw_wcB&amp;gclsrc=aw.ds\" target=\"_blank\">Air Berlin<\/a> \/ <a href=\"https:\/\/www.condor.com\/de\/index.jsp\" target=\"_blank\">Condor<\/a> \/ <a href=\"https:\/\/www.flygermania.de\/de\/\" target=\"_blank\">Germania<\/a> \/\u00a0<a href=\"http:\/\/www.ryanair.com\/de\/\" target=\"_blank\">Ryanair<\/a> \/ <a href=\"https:\/\/www.tuifly.com\/de\/index.html\" target=\"_blank\">TUIfly<\/a><\/span><\/p>\n<p><strong><span style=\"color: #333333;\">Erfurt<\/span><\/strong><br \/>\n<span style=\"color: #333333;\"><a href=\"https:\/\/www.tuifly.com\/de\/index.html\" target=\"_blank\">TUIfly<\/a><\/span><\/p>\n<h3><span style=\"color: #ffffff;\">Deutschland<\/span><\/h3>\n<p><strong><span style=\"color: #333333;\">Frankfurt\/Hahn<\/span><\/strong><br \/>\n<span style=\"color: #333333;\"><a href=\"https:\/\/www.condor.com\/de\/index.jsp\" target=\"_blank\">Condor<\/a> \/ <a href=\"https:\/\/www.flygermania.de\/de\/\" target=\"_blank\">Germania<\/a> \/ <a href=\"http:\/\/www.ryanair.com\/de\/\" target=\"_blank\">Ryanair<\/a> \/ <a href=\"https:\/\/www.tuifly.com\/de\/index.html\" target=\"_blank\">TUIfly<\/a><\/span><\/p>\n<p><strong><span style=\"color: #333333;\">Hamburg<\/span><\/strong><br \/>\n<span style=\"color: #333333;\"><a href=\"http:\/\/www.airberlin.com\/de-DE\/site\/start.php?gclid=CjwKEAjw-ZqrBRDt_KjhjcbzhhISJAAlRGvlK-nC2mF7gcfUIA2uSNBPXFtg3MZCto8ocQpegSC8cBoC7djw_wcB&amp;gclsrc=aw.ds\" target=\"_blank\">Air Berlin<\/a> \/ <a href=\"https:\/\/www.condor.com\/de\/index.jsp\" target=\"_blank\">Condor<\/a> \/ <a href=\"http:\/\/www.easyjet.com\/de\" target=\"_blank\">Easy Jet<\/a> \/ <a href=\"https:\/\/www.tuifly.com\/de\/index.html\" target=\"_blank\">TUIfly<\/a><\/span><\/p>\n<p><strong><span style=\"color: #333333;\">Hannover<\/span><\/strong><br \/>\n<span style=\"color: #333333;\"><a href=\"http:\/\/www.airberlin.com\/de-DE\/site\/start.php?gclid=CjwKEAjw-ZqrBRDt_KjhjcbzhhISJAAlRGvlK-nC2mF7gcfUIA2uSNBPXFtg3MZCto8ocQpegSC8cBoC7djw_wcB&amp;gclsrc=aw.ds\" target=\"_blank\">Air Berlin<\/a> \/ <a href=\"https:\/\/www.condor.com\/de\/index.jsp\" target=\"_blank\">Condor<\/a> \/ <a href=\"https:\/\/www.tuifly.com\/de\/index.html\" target=\"_blank\">TUIfly<\/a><\/span><\/p>\n<p><strong><span style=\"color: #333333;\">K\u00f6ln\/Bonn<\/span><\/strong><br \/>\n<span style=\"color: #333333;\"><a href=\"http:\/\/www.airberlin.com\/de-DE\/site\/start.php?gclid=CjwKEAjw-ZqrBRDt_KjhjcbzhhISJAAlRGvlK-nC2mF7gcfUIA2uSNBPXFtg3MZCto8ocQpegSC8cBoC7djw_wcB&amp;gclsrc=aw.ds\" target=\"_blank\">Air Berlin<\/a> \/ <a href=\"https:\/\/www.tuifly.com\/de\/index.html\" target=\"_blank\">TUIfly<\/a><\/span><\/p>\n<p><strong><span style=\"color: #333333;\">Leipzig\/Halle<\/span><\/strong><br \/>\n<span style=\"color: #333333;\"><a href=\"http:\/\/www.airberlin.com\/de-DE\/site\/start.php?gclid=CjwKEAjw-ZqrBRDt_KjhjcbzhhISJAAlRGvlK-nC2mF7gcfUIA2uSNBPXFtg3MZCto8ocQpegSC8cBoC7djw_wcB&amp;gclsrc=aw.ds\" target=\"_blank\">Air Berlin<\/a> \/ <a href=\"https:\/\/www.condor.com\/de\/index.jsp\" target=\"_blank\">Condor<\/a> \/ <a href=\"https:\/\/www.tuifly.com\/de\/index.html\" target=\"_blank\">TUIfly<\/a><\/span><\/p>\n<h3 style=\"text-align: left;\"><span style=\"color: #ffffff;\">Deutschland<\/span><\/h3>\n<p><strong><span style=\"color: #333333;\">M\u00fcnchen<\/span><\/strong><br \/>\n<span style=\"color: #333333;\"> <a href=\"http:\/\/www.airberlin.com\/de-DE\/site\/start.php?gclid=CjwKEAjw-ZqrBRDt_KjhjcbzhhISJAAlRGvlK-nC2mF7gcfUIA2uSNBPXFtg3MZCto8ocQpegSC8cBoC7djw_wcB&amp;gclsrc=aw.ds\" target=\"_blank\">Air Berlin<\/a> \/ <a href=\"https:\/\/www.condor.com\/de\/index.jsp\" target=\"_blank\">Condor<\/a> \/ <a href=\"https:\/\/www.tuifly.com\/de\/index.html\" target=\"_blank\">TUIfly<\/a><\/span><\/p>\n<p><strong><span style=\"color: #333333;\">N\u00fcrnberg<\/span><\/strong><br \/>\n<span style=\"color: #333333;\"><a href=\"https:\/\/www.tuifly.com\/de\/index.html\" target=\"_blank\">TUIfly<\/a><\/span><\/p>\n<p><strong><span style=\"color: #333333;\">Paderborn\/Lippstadt<\/span><\/strong><br \/>\n<span style=\"color: #333333;\"> <a href=\"https:\/\/www.condor.com\/de\/index.jsp\" target=\"_blank\">Condor<\/a> \/ <a href=\"https:\/\/www.tuifly.com\/de\/index.html\" target=\"_blank\">TUIfly<\/a><\/span><\/p>\n<p><strong><span style=\"color: #333333;\">Stuttgart<\/span><\/strong><br \/>\n<span style=\"color: #333333;\"> <a href=\"https:\/\/www.condor.com\/de\/index.jsp\" target=\"_blank\">Condor<\/a> \/ <a href=\"https:\/\/www.tuifly.com\/de\/index.html\" target=\"_blank\">TUIfly<\/a><\/span><\/p>\n<p><strong><span style=\"color: #333333;\">Zweibr\u00fccken<\/span><\/strong><br \/>\n<span style=\"color: #333333;\"><a href=\"https:\/\/www.tuifly.com\/de\/index.html\" target=\"_blank\">TUIfly<\/a><\/span><\/p>\n<p><img loading=\"lazy\" class=\"so-widget-image\" style=\"max-width: 100%; height: auto; display: block;\" src=\"http:\/\/www.casa-shakti.com\/wp-content\/uploads\/2011\/10\/Strich-quer_grau_2.png\" alt=\"\" width=\"1050\" height=\"1\" \/><\/p>\n<h3><span style=\"text-decoration: underline;\"><span style=\"color: #993366; text-decoration: underline;\">Schweiz<\/span><\/span><\/h3>\n<p><strong><span style=\"color: #333333;\">Basel<\/span><\/strong><br \/>\n<span style=\"color: #333333;\"><a href=\"http:\/\/www.easyjet.com\/de\" target=\"_blank\">Easy Jet<\/a> \/ <a href=\"https:\/\/www.tuifly.com\/de\/index.html\" target=\"_blank\">TUIfly<\/a><\/span><\/p>\n<p><strong><span style=\"color: #333333;\">Z\u00fcrich<\/span><\/strong><br \/>\n<span style=\"color: #333333;\"><a href=\"http:\/\/www.airberlin.com\/de-DE\/site\/start.php?gclid=CjwKEAjw-ZqrBRDt_KjhjcbzhhISJAAlRGvlK-nC2mF7gcfUIA2uSNBPXFtg3MZCto8ocQpegSC8cBoC7djw_wcB&amp;gclsrc=aw.ds\" target=\"_blank\">Air Berlin<\/a> \/ <a href=\"https:\/\/www.flyedelweiss.com\/de\/pages\/home.aspx\" target=\"_blank\">Edelweis<\/a> \/ <a href=\"https:\/\/www.swiss.com\/de\/de\" target=\"_blank\">Swiss<\/a> \/ <a href=\"https:\/\/www.tuifly.com\/de\/index.html\" target=\"_blank\">TUIfly<\/a><\/span><\/p>\n<h3><span style=\"text-decoration: underline;\"><span style=\"color: #993366; text-decoration: underline;\">\u00d6sterreich<\/span><\/span><\/h3>\n<p><strong><span style=\"color: #333333;\">Salzburg<\/span><\/strong><br \/>\n<span style=\"color: #333333;\"><a href=\"https:\/\/www.tuifly.com\/de\/index.html\" target=\"_blank\">TUIfly<\/a><\/span><\/p>\n<p><strong><span style=\"color: #333333;\">Wien<\/span><\/strong><br \/>\n<span style=\"color: #333333;\"><a href=\"https:\/\/www.tuifly.com\/de\/index.html\" target=\"_blank\">TUIfly<\/a><\/span><\/p>\n<h3><span style=\"text-decoration: underline;\"><span style=\"color: #993366; text-decoration: underline;\">Belgien<\/span><\/span><\/h3>\n<p><strong><span style=\"color: #333333;\">Br\u00fcssel<\/span><\/strong><br \/>\n<span style=\"color: #333333;\"><a href=\"https:\/\/www.condor.com\/de\/index.jsp\" target=\"_blank\">Condor<\/a> \/ <a href=\"http:\/\/www.ryanair.com\/de\/\" target=\"_blank\">Ryanair<\/a><\/span><\/p>\n<p><img loading=\"lazy\" class=\"so-widget-image\" style=\"max-width: 100%; height: auto; display: block;\" src=\"http:\/\/www.casa-shakti.com\/wp-content\/uploads\/2011\/10\/Strich-quer_grau_2.png\" alt=\"\" width=\"1050\" height=\"1\" \/><\/p>\n<h3><span style=\"text-decoration: underline;\"><span style=\"color: #993366; text-decoration: underline;\">Niederlande<\/span><\/span><\/h3>\n<p><span style=\"color: #333333;\"><strong>Eindhoven<\/strong><\/span><br \/>\n<span style=\"color: #333333;\"><a href=\"http:\/\/www.ryanair.com\/de\/\" target=\"_blank\">Ryanair<\/a><\/span><\/p>\n<h3><span style=\"text-decoration: underline;\"><span style=\"color: #993366; text-decoration: underline;\">Reiseveranstalter<\/span><\/span><\/h3>\n<p><strong><span style=\"color: #333333;\">Fairlines\u00a0Reiseb\u00fcro<\/span><br \/>\n<\/strong><a href=\"http:\/\/www.fairlines.de\/\" target=\"_blank\">try Fairlines<\/a><\/p>\n<p><span style=\"color: #333333;\"><strong>Reiseb\u00fcro Flugreise<\/strong><\/span><br \/>\n<a href=\"http:\/\/www.flugboerse.de\/frankfurt-mitte\" target=\"_blank\">immer die perfekte Reise<\/a><\/p>\n<h5 style=\"text-align: center;\"><span style=\"color: #993366;\">Wir holen dich<\/span><br \/>\n<span style=\"color: #993366;\">gerne\u00a0vom<\/span><br \/>\n<span style=\"color: #993366;\">Flughafen ab.<\/span><\/h5>\n<p style=\"text-align: left;\">\n<p>\u00a0 <img loading=\"lazy\" class=\"so-widget-image\" style=\"max-width: 100%; height: auto; display: block;\" src=\"http:\/\/www.casa-shakti.com\/wp-content\/uploads\/2011\/10\/yoga-pose3.png\" alt=\"\" width=\"1417\" height=\"411\" \/><\/p>\n","protected":false},"excerpt":{"rendered":"<p>Hier die Wegbeschreibung zum shakti-yoga Studio: Gr\u00f6\u00dfere Kartenansicht Buche deinen Flug entweder \u00fcber dein Reiseb\u00fcro oder \u00fcber das Internet. Hier eine Liste mit Fluggesellschaften, die Lanzarote von Deutschland \/Schweiz \/ \u00d6sterreich \/ Belgien und Niederlande aus anfliegen: Deutschland Berlin-Sch\u00f6nefeld Air<\/p>\n","protected":false},"author":2,"featured_media":0,"parent":0,"menu_order":0,"comment_status":"closed","ping_status":"closed","template":"page-templates\/contact.php","meta":[],"translation":{"provider":"WPGlobus","version":"2.8.2","language":"es","enabled_languages":["de","gb","es"],"languages":{"de":{"title":true,"content":true,"excerpt":false},"gb":{"title":false,"content":false,"excerpt":false},"es":{"title":false,"content":false,"excerpt":false}}},"_links":{"self":[{"href":"http:\/\/www.casa-shakti.com\/es\/wp-json\/wp\/v2\/pages\/96"}],"collection":[{"href":"http:\/\/www.casa-shakti.com\/es\/wp-json\/wp\/v2\/pages"}],"about":[{"href":"http:\/\/www.casa-shakti.com\/es\/wp-json\/wp\/v2\/types\/page"}],"author":[{"embeddable":true,"href":"http:\/\/www.casa-shakti.com\/es\/wp-json\/wp\/v2\/users\/2"}],"replies":[{"embeddable":true,"href":"http:\/\/www.casa-shakti.com\/es\/wp-json\/wp\/v2\/comments?post=96"}],"version-history":[{"count":125,"href":"http:\/\/www.casa-shakti.com\/es\/wp-json\/wp\/v2\/pages\/96\/revisions"}],"predecessor-version":[{"id":2519,"href":"http:\/\/www.casa-shakti.com\/es\/wp-json\/wp\/v2\/pages\/96\/revisions\/2519"}],"wp:attachment":[{"href":"http:\/\/www.casa-shakti.com\/es\/wp-json\/wp\/v2\/media?parent=96"}],"curies":[{"name":"wp","href":"https:\/\/api.w.org\/{rel}","templated":true}]}}