{"id":134,"date":"2011-10-25T16:49:43","date_gmt":"2011-10-25T16:49:43","guid":{"rendered":"http:\/\/casa-shakti.com\/?page_id=134"},"modified":"2017-11-06T15:02:45","modified_gmt":"2017-11-06T15:02:45","slug":"kontakt","status":"publish","type":"page","link":"http:\/\/www.casa-shakti.com\/gb\/kontakt\/","title":{"rendered":"kontakt"},"content":{"rendered":"<div id=\"pl-134\"  class=\"panel-layout\" >\n<div id=\"pg-134-0\"  class=\"panel-grid panel-no-style\" >\n<div id=\"pgc-134-0-0\"  class=\"panel-grid-cell panel-grid-cell-empty\"  data-weight=\"1\" ><\/div>\n<\/div>\n<div id=\"pg-134-1\"  class=\"panel-grid panel-no-style\" >\n<div id=\"pgc-134-1-0\"  class=\"panel-grid-cell\"  data-weight=\"1\" >\n<div id=\"panel-134-1-0-0\" class=\"so-panel widget widget_black-studio-tinymce widget_black_studio_tinymce panel-first-child panel-last-child\" data-index=\"0\" data-style=\"{&quot;background_display&quot;:&quot;tile&quot;}\" >\n<div class=\"textwidget\">\n<p style=\"text-align: center;\">\u00a0Hier die Wegbeschreibung zum shakti-yoga Studio:<\/p>\n<p style=\"text-align: center;\"><a href=\"http:\/\/www.casa-shakti.com\/wp-content\/uploads\/2011\/10\/Teguisol-Residente-google.jpg\"><img loading=\"lazy\" class=\"aligncenter  wp-image-3233\" src=\"http:\/\/www.casa-shakti.com\/wp-content\/uploads\/2011\/10\/Teguisol-Residente-google-300x178.jpg\" alt=\"Teguisol-Residente-google\" width=\"481\" height=\"273\" \/><\/a><br \/><small><a href=\"https:\/\/www.google.de\/maps\/place\/Teguisol+Residencial\/@29.005907,-13.484323,17z\/data=!3m1!4b1!4m2!3m1!1s0xc4627a74cbfb66d:0x59596d54f9fac4d0?hl=de\">Gr\u00f6\u00dfere Kartenansicht<\/a><\/small><\/p>\n<\/div>\n<\/div>\n<\/div>\n<\/div>\n<div id=\"pg-134-2\"  class=\"panel-grid panel-no-style\"  data-style=\"{&quot;background_display&quot;:&quot;tile&quot;}\" >\n<div id=\"pgc-134-2-0\"  class=\"panel-grid-cell\"  data-weight=\"0.5\" >\n<div id=\"panel-134-2-0-0\" class=\"so-panel widget widget_black-studio-tinymce widget_black_studio_tinymce panel-first-child panel-last-child\" data-index=\"1\" data-style=\"{&quot;background_display&quot;:&quot;tile&quot;}\" >\n<div class=\"textwidget\">\n<h5 style=\"text-align: left;\"><span style=\"color: #993366;\"><span style=\"text-decoration: underline;\">Conny<br \/><\/span><\/span><strong>deutsch, espa\u00f1ol, english<\/strong><\/h5>\n<p><a href=\"http:\/\/www.casa-shakti.com\/wp-content\/uploads\/2011\/10\/Strich-quer_grau_2.png\"><img loading=\"lazy\" class=\" size-medium wp-image-2311 alignleft\" src=\"http:\/\/www.casa-shakti.com\/wp-content\/uploads\/2011\/10\/Strich-quer_grau_2-300x1.png\" alt=\"Strich-quer_grau_2\" width=\"300\" height=\"1\" srcset=\"http:\/\/www.casa-shakti.com\/wp-content\/uploads\/2011\/10\/Strich-quer_grau_2-300x1.png 300w, http:\/\/www.casa-shakti.com\/wp-content\/uploads\/2011\/10\/Strich-quer_grau_2-150x1.png 150w, http:\/\/www.casa-shakti.com\/wp-content\/uploads\/2011\/10\/Strich-quer_grau_2-1024x1.png 1024w, http:\/\/www.casa-shakti.com\/wp-content\/uploads\/2011\/10\/Strich-quer_grau_2-720x1.png 720w, http:\/\/www.casa-shakti.com\/wp-content\/uploads\/2011\/10\/Strich-quer_grau_2-230x1.png 230w, http:\/\/www.casa-shakti.com\/wp-content\/uploads\/2011\/10\/Strich-quer_grau_2-600x1.png 600w, http:\/\/www.casa-shakti.com\/wp-content\/uploads\/2011\/10\/Strich-quer_grau_2-365x1.png 365w, http:\/\/www.casa-shakti.com\/wp-content\/uploads\/2011\/10\/Strich-quer_grau_2-272x1.png 272w, http:\/\/www.casa-shakti.com\/wp-content\/uploads\/2011\/10\/Strich-quer_grau_2.png 1050w\" sizes=\"(max-width: 300px) 100vw, 300px\" \/><\/a><\/p>\n<p>\u00a0<\/p>\n<div>shakti-yoga Studio<\/div>\n<div>C\/Adelfas \u00a0<\/div>\n<div>Residencial Teguisol<span style=\"color: #333333;\"><br \/>Telefon: (+34) f\u00fcr Spanien 669 90 92 99<br \/>E-Mail: <a href=\"mailto:info@casa-shakti.com\">info@casa-shakti.com<\/a><\/span>\u00a0<\/div>\n<\/div>\n<\/div>\n<\/div>\n<div id=\"pgc-134-2-1\"  class=\"panel-grid-cell\"  data-weight=\"0.5\" >\n<div id=\"panel-134-2-1-0\" class=\"so-panel widget widget_text panel-first-child panel-last-child\" data-index=\"2\" data-style=\"{&quot;background_image_attachment&quot;:false,&quot;background_display&quot;:&quot;tile&quot;}\" >\n<div class=\"textwidget\">\n<form method=\"post\" id=\"cntctfrm_contact_form_2\" class=\"cntctfrm_contact_form cntctfrm_one_column cntctfrm_ltr cntctfrm_width_default\" action=\"\/wp-admin\/post.php#cntctfrm_contact_form_2\" enctype=\"multipart\/form-data\">\n<div id=\"cntctfrm_first_column\" class=\"cntctfrm_column\">\n<div class=\"cntctfrm_field_wrap cntctfrm_field_name_wrap\">\n<div class=\"cntctfrm_label cntctfrm_label_name\">\n\t\t\t\t\t\t\t\t\t\t<label for=\"cntctfrm_contact_name_2\">Name: <span class=\"required\">*<\/span><\/label><\/div>\n<div class=\"cntctfrm_input cntctfrm_input_name\">\n\t\t\t\t\t\t\t\t\t\t<input class=\"text\" type=\"text\" size=\"40\" value=\"\" name=\"cntctfrm_contact_name\" id=\"cntctfrm_contact_name_2\" \/><\/div>\n<\/div>\n<div class=\"cntctfrm_field_wrap cntctfrm_field_email_wrap\">\n<div class=\"cntctfrm_label cntctfrm_label_email\">\n\t\t\t\t\t\t\t\t\t\t<label for=\"cntctfrm_contact_email_2\">E-Mail Adresse: <span class=\"required\">*<\/span><\/label>\n\t\t\t\t\t\t\t\t\t<\/div>\n<div class=\"cntctfrm_input cntctfrm_input_email\">\n\t\t\t\t\t\t\t\t\t\t<input class=\"text\" type=\"text\" size=\"40\" value=\"\" name=\"cntctfrm_contact_email\" id=\"cntctfrm_contact_email_2\" \/><\/div>\n<\/div>\n<div class=\"cntctfrm_field_wrap cntctfrm_field_subject_wrap\">\n<div class=\"cntctfrm_label cntctfrm_label_subject\">\n\t\t\t\t\t\t\t\t\t\t<label for=\"cntctfrm_contact_subject_2\">Betreff: <span class=\"required\">*<\/span><\/label>\n\t\t\t\t\t\t\t\t\t<\/div>\n<div class=\"cntctfrm_input cntctfrm_input_subject\">\n\t\t\t\t\t\t\t\t\t<input class=\"text\" type=\"text\" size=\"40\" value=\"\" name=\"cntctfrm_contact_subject\" id=\"cntctfrm_contact_subject_2\" \/><\/div>\n<\/div>\n<div class=\"cntctfrm_field_wrap cntctfrm_field_message_wrap\">\n<div class=\"cntctfrm_label cntctfrm_label_message\">\n\t\t\t\t\t\t\t\t\t<label for=\"cntctfrm_contact_message_2\">Inhalt: <span class=\"required\">*<\/span><\/label>\n\t\t\t\t\t\t\t\t<\/div>\n<div class=\"cntctfrm_input cntctfrm_input_message\">\n\t\t\t\t\t\t\t\t\t<textarea rows=\"5\" cols=\"30\" name=\"cntctfrm_contact_message\" id=\"cntctfrm_contact_message_2\"><\/textarea><\/div>\n<\/div>\n<\/div>\n<div class=\"clear\"><\/div>\n<div class=\"cntctfrm_submit_wrap\">\n<div id=\"cntctfrm_submit_first_column\" class=\"cntctfrm_column\">\n<div class=\"cntctfrm_input cntctfrm_input_submit\" style=\"text-align: left !important;\"><input type=\"hidden\" value=\"send\" name=\"cntctfrm_contact_action\"><input type=\"hidden\" value=\"Version: 3.30\" \/><br \/>\n\t\t\t\t\t\t\t<input type=\"hidden\" value=\"default\" name=\"cntctfrm_language\"><br \/>\n\t\t\t\t\t\t\t<input type=\"hidden\" value=\"2\" name=\"cntctfrm_form_submited\"><br \/>\n\t\t\t\t\t\t\t<input type=\"hidden\" value=\"cntctfrm_options\" name=\"cntctfrm_options_name\"><br \/>\n\t\t\t\t\t\t\t<input type=\"submit\" value=\"Senden\" class=\"cntctfrm_contact_submit\" \/>\n\t\t\t\t\t\t<\/div>\n<\/div>\n<div id=\"cntctfrm_submit_second_column\" class=\"cntctfrm_column\"><\/div>\n<div class=\"clear\"><\/div>\n<\/p><\/div>\n<\/p><\/form>\n<\/p>\n<\/div><\/div>\n<\/div>\n<\/div>\n<div id=\"pg-134-3\"  class=\"panel-grid panel-no-style\" >\n<div id=\"pgc-134-3-0\"  class=\"panel-grid-cell panel-grid-cell-empty\"  data-weight=\"1\" ><\/div>\n<\/div>\n<div id=\"pg-134-4\"  class=\"panel-grid panel-no-style\" >\n<div id=\"pgc-134-4-0\"  class=\"panel-grid-cell\"  data-weight=\"1\" >\n<div id=\"panel-134-4-0-0\" class=\"so-panel widget widget_sow-image panel-first-child panel-last-child\" data-index=\"3\" data-style=\"{&quot;background_display&quot;:&quot;tile&quot;}\" >\n<div class=\"so-widget-sow-image so-widget-sow-image-default-813df796d9b1\">\n<div class=\"sow-image-container\">\n\t<img loading=\"lazy\" src=\"http:\/\/www.casa-shakti.com\/wp-content\/uploads\/2011\/10\/yoga-pose3.png\" width=\"1417\" height=\"411\" srcset=\"http:\/\/www.casa-shakti.com\/wp-content\/uploads\/2011\/10\/yoga-pose3.png 1417w, http:\/\/www.casa-shakti.com\/wp-content\/uploads\/2011\/10\/yoga-pose3-300x87.png 300w, http:\/\/www.casa-shakti.com\/wp-content\/uploads\/2011\/10\/yoga-pose3-1024x297.png 1024w\" sizes=\"(max-width: 1417px) 100vw, 1417px\" title=\"yoga-pose3,\" \t\tclass=\"so-widget-image\"\/>\n<\/div>\n<\/div>\n<\/div>\n<\/div>\n<\/div>\n<\/div>\n","protected":false},"excerpt":{"rendered":"<p>\u00a0Hier die Wegbeschreibung zum shakti-yoga Studio: Gr\u00f6\u00dfere Kartenansicht Connydeutsch, espa\u00f1ol, english \u00a0 shakti-yoga Studio C\/Adelfas \u00a0 Residencial TeguisolTelefon: (+34) f\u00fcr Spanien 669 90 92 99E-Mail: info@casa-shakti.com\u00a0 Name: * E-Mail Adresse: * Betreff: * Inhalt: *<\/p>\n","protected":false},"author":2,"featured_media":0,"parent":0,"menu_order":0,"comment_status":"closed","ping_status":"closed","template":"","meta":[],"translation":{"provider":"WPGlobus","version":"2.8.2","language":"gb","enabled_languages":["de","gb","es"],"languages":{"de":{"title":true,"content":true,"excerpt":false},"gb":{"title":false,"content":false,"excerpt":false},"es":{"title":false,"content":false,"excerpt":false}}},"_links":{"self":[{"href":"http:\/\/www.casa-shakti.com\/gb\/wp-json\/wp\/v2\/pages\/134"}],"collection":[{"href":"http:\/\/www.casa-shakti.com\/gb\/wp-json\/wp\/v2\/pages"}],"about":[{"href":"http:\/\/www.casa-shakti.com\/gb\/wp-json\/wp\/v2\/types\/page"}],"author":[{"embeddable":true,"href":"http:\/\/www.casa-shakti.com\/gb\/wp-json\/wp\/v2\/users\/2"}],"replies":[{"embeddable":true,"href":"http:\/\/www.casa-shakti.com\/gb\/wp-json\/wp\/v2\/comments?post=134"}],"version-history":[{"count":43,"href":"http:\/\/www.casa-shakti.com\/gb\/wp-json\/wp\/v2\/pages\/134\/revisions"}],"predecessor-version":[{"id":2864,"href":"http:\/\/www.casa-shakti.com\/gb\/wp-json\/wp\/v2\/pages\/134\/revisions\/2864"}],"wp:attachment":[{"href":"http:\/\/www.casa-shakti.com\/gb\/wp-json\/wp\/v2\/media?parent=134"}],"curies":[{"name":"wp","href":"https:\/\/api.w.org\/{rel}","templated":true}]}}