{"id":77,"date":"2011-10-25T16:30:18","date_gmt":"2011-10-25T16:30:18","guid":{"rendered":"http:\/\/casa-shakti.com\/?page_id=77"},"modified":"2018-03-15T08:58:49","modified_gmt":"2018-03-15T08:58:49","slug":"die-shaktis","status":"publish","type":"page","link":"http:\/\/www.casa-shakti.com\/gb\/relax-and-feel\/die-shaktis\/","title":{"rendered":"Die shaktis"},"content":{"rendered":"<div id=\"pl-77\"  class=\"panel-layout\" >\n<div id=\"pg-77-0\"  class=\"panel-grid panel-no-style\" >\n<div id=\"pgc-77-0-0\"  class=\"panel-grid-cell\"  data-weight=\"1\" >\n<div id=\"panel-77-0-0-0\" class=\"so-panel widget widget_sow-slider panel-first-child panel-last-child\" data-index=\"0\" data-style=\"{&quot;background_display&quot;:&quot;tile&quot;}\" >\n<div class=\"so-widget-sow-slider so-widget-sow-slider-default-abf3e628296a\">\n<div class=\"sow-slider-base \" style=\"display: none\">\n<ul class=\"sow-slider-images\" data-settings=\"{&quot;pagination&quot;:true,&quot;speed&quot;:800,&quot;timeout&quot;:8000,&quot;swipe&quot;:true}\"><\/ul>\n<ol class=\"sow-slider-pagination\">\n\t\t\t\t\t\t\t\t\t<\/ol>\n<div class=\"sow-slide-nav sow-slide-nav-next\">\n\t\t\t\t\t<a href=\"#\" data-goto=\"next\" data-action=\"next\"><br \/>\n\t\t\t\t\t\t<em class=\"sow-sld-icon-thin-right\"><\/em><br \/>\n\t\t\t\t\t<\/a>\n\t\t\t\t<\/div>\n<div class=\"sow-slide-nav sow-slide-nav-prev\">\n\t\t\t\t\t<a href=\"#\" data-goto=\"previous\" data-action=\"prev\"><br \/>\n\t\t\t\t\t\t<em class=\"sow-sld-icon-thin-left\"><\/em><br \/>\n\t\t\t\t\t<\/a>\n\t\t\t\t<\/div>\n<\/p><\/div>\n<\/div>\n<\/div>\n<\/div>\n<\/div>\n<div id=\"pg-77-1\"  class=\"panel-grid panel-no-style\"  data-style=\"{&quot;background_display&quot;:&quot;tile&quot;}\" >\n<div id=\"pgc-77-1-0\"  class=\"panel-grid-cell\"  data-weight=\"1\" >\n<div id=\"panel-77-1-0-0\" class=\"so-panel widget widget_sow-image panel-first-child panel-last-child\" data-index=\"1\" data-style=\"{&quot;background_display&quot;:&quot;tile&quot;}\" >\n<div class=\"so-widget-sow-image so-widget-sow-image-default-813df796d9b1\">\n<div class=\"sow-image-container\">\n\t<img loading=\"lazy\" src=\"http:\/\/www.casa-shakti.com\/wp-content\/uploads\/2011\/10\/Strich-quer_grau_2.png\" width=\"1050\" height=\"1\" srcset=\"http:\/\/www.casa-shakti.com\/wp-content\/uploads\/2011\/10\/Strich-quer_grau_2.png 1050w, http:\/\/www.casa-shakti.com\/wp-content\/uploads\/2011\/10\/Strich-quer_grau_2-150x1.png 150w, http:\/\/www.casa-shakti.com\/wp-content\/uploads\/2011\/10\/Strich-quer_grau_2-300x1.png 300w, http:\/\/www.casa-shakti.com\/wp-content\/uploads\/2011\/10\/Strich-quer_grau_2-1024x1.png 1024w, http:\/\/www.casa-shakti.com\/wp-content\/uploads\/2011\/10\/Strich-quer_grau_2-720x1.png 720w, http:\/\/www.casa-shakti.com\/wp-content\/uploads\/2011\/10\/Strich-quer_grau_2-230x1.png 230w, http:\/\/www.casa-shakti.com\/wp-content\/uploads\/2011\/10\/Strich-quer_grau_2-600x1.png 600w, http:\/\/www.casa-shakti.com\/wp-content\/uploads\/2011\/10\/Strich-quer_grau_2-365x1.png 365w, http:\/\/www.casa-shakti.com\/wp-content\/uploads\/2011\/10\/Strich-quer_grau_2-272x1.png 272w\" sizes=\"(max-width: 1050px) 100vw, 1050px\" \t\tclass=\"so-widget-image\"\/>\n<\/div>\n<\/div>\n<\/div>\n<\/div>\n<\/div>\n<div id=\"pg-77-2\"  class=\"panel-grid panel-no-style\"  data-style=\"{&quot;background_display&quot;:&quot;tile&quot;}\" >\n<div id=\"pgc-77-2-0\"  class=\"panel-grid-cell\"  data-weight=\"0.448750528781\" >\n<div id=\"panel-77-2-0-0\" class=\"so-panel widget widget_black-studio-tinymce widget_black_studio_tinymce panel-first-child panel-last-child\" data-index=\"2\" data-style=\"{&quot;background_image_attachment&quot;:false,&quot;background_display&quot;:&quot;tile&quot;}\" >\n<div class=\"textwidget\">\n<p><a href=\"http:\/\/www.casa-shakti.com\/wp-content\/uploads\/2011\/10\/DSC5007.jpeg\"><img loading=\"lazy\" class=\"  wp-image-2628 aligncenter\" src=\"http:\/\/www.casa-shakti.com\/wp-content\/uploads\/2011\/10\/DSC5007.jpeg\" alt=\"_DSC5007\" width=\"302\" height=\"201\" srcset=\"http:\/\/www.casa-shakti.com\/wp-content\/uploads\/2011\/10\/DSC5007.jpeg 640w, http:\/\/www.casa-shakti.com\/wp-content\/uploads\/2011\/10\/DSC5007-300x200.jpeg 300w, http:\/\/www.casa-shakti.com\/wp-content\/uploads\/2011\/10\/DSC5007-272x182.jpeg 272w\" sizes=\"(max-width: 302px) 100vw, 302px\" \/><\/a><span style=\"color: #993366;\"><strong>Conny<\/strong><br \/><\/span><span style=\"color: #333333;\">lebt seit August 2010 auf Lanzarote in Costa Teguise. Sie spricht deutsch, englisch und spanisch. Anfang 2007 machte sie eine Ausbildung als Thai-Yoga-Masseurin in Chiang Mai (Thailand) und entdeckte dort,\u00a0nach 20 Jahren wieder neu, Yoga f\u00fcr sich. Die n\u00e4chsten Jahre lernte und praktizierte sie intensiv, bei vielen unterschiedlichen, internationalen Lehrern und im Yogastudio \u201cVishnu\u00b4s Vibes\u201c in D\u00fcsseldorf. Dort schloss sie auch 2010 ihre Vinyasa\u00a0<\/span><span style=\"color: #333333;\">Yogalehrerausbildung ab. Seitdem unterrichtet Conny Yoga auf Lanzarote, in Surfschulen, Hotels, in ihren eigenen Yogakursen, eigenen Yogawochen im\u00a0<\/span><span style=\"color: #333333;\">casa-shakti und seit Februar 2015 in ihrem shakti-yoga estudio in Costa Teguise, f\u00fcr Anf\u00e4nger, Fortgeschrittene, junge, \u00e4ltere Menschen, sowie Kinder.<\/span><br \/><span style=\"color: #333333;\">Seit 2014 ist sie auch Yin Yoga und Kinder Yogalehrerin. In dem dynamischen Vinyasa Yoga und dem ruhigeren Yin Yoga\u00a0hat Conny den idealen Ausgleich\u00a0zwischen Yin und Yang im Yoga gefunden und gibt dies mit Leidenschaft und Hingabe an ihre Sch\u00fcler weiter. Au\u00dferdem konnte sie mehrere Jahre in K\u00f6ln bei dem indischen Lehrer Raju Karamban, Kalaripayattu (indische Kampfkunst) erlernen. 2007 absolvierte sie den Grundkurs Thai-Yoga Massage in Chiang Mai Thailand, 2011 Weiterbildung zur WaThai Masseurin (Thai-Yoga-Massage im Wasser),sowie 2012 erg\u00e4nzender Aufbaukurs Thai-Yoga-Massage am Institut f\u00fcr Traditionelle Thai-Yoga-Massage, K\u00f6ln. 2014 und 2015 das Yin Yoga Teacher Training bei SenSib Massage in Hamburg und Bremen, sowie 2014 die Kinder Yoga Grundausbildung bei Kinderyoga Akademie Bannenberg, D\u00fcsseldorf.\u00a0Februar 2018 Weiterbildung f\u00fcr Aerial-Yoga (Yoga in T\u00fcchern), au\u00dferdem hat sie im Februar 2018 das erste Modul ihrer Svastha Yogatherapie Ausbildung bei Dr. G\u00fcnter Niessen abgeschlossen.<\/span><\/p>\n<hr \/>\n<p>\u00a0<\/p>\n<\/div>\n<\/div>\n<\/div>\n<div id=\"pgc-77-2-1\"  class=\"panel-grid-cell panel-grid-cell-empty\"  data-weight=\"0.101178563487\" ><\/div>\n<div id=\"pgc-77-2-2\"  class=\"panel-grid-cell\"  data-weight=\"0.450070907732\" >\n<div id=\"panel-77-2-2-0\" class=\"so-panel widget widget_black-studio-tinymce widget_black_studio_tinymce panel-first-child\" data-index=\"3\" data-style=\"{&quot;background_display&quot;:&quot;tile&quot;}\" >\n<div class=\"textwidget\">\n<p><a href=\"http:\/\/www.casa-shakti.com\/wp-content\/uploads\/2011\/10\/IMG_4269_1-Kopie-Kopie-Kopie.jpg\"><img loading=\"lazy\" class=\"  wp-image-1802 aligncenter\" src=\"http:\/\/www.casa-shakti.com\/wp-content\/uploads\/2011\/10\/IMG_4269_1-Kopie-Kopie-Kopie.jpg\" alt=\"IMG_4269_1 - Kopie - Kopie - Kopie\" width=\"277\" height=\"206\" srcset=\"http:\/\/www.casa-shakti.com\/wp-content\/uploads\/2011\/10\/IMG_4269_1-Kopie-Kopie-Kopie.jpg 376w, http:\/\/www.casa-shakti.com\/wp-content\/uploads\/2011\/10\/IMG_4269_1-Kopie-Kopie-Kopie-300x224.jpg 300w\" sizes=\"(max-width: 277px) 100vw, 277px\" \/><\/a><span style=\"color: #993366;\"><strong>Monika<\/strong><br \/><\/span><span style=\"color: #333333;\">singt und kocht im casa-shakti. Sie leitet die ayurvedischen Kochkurse und das Healing und Mantrensingen. Mit ihrem Ehemann zusammen hat sie in Bern viele Jahre erfolgreich einen indischen Partyservice gef\u00fchrt. Sie lebt seit 2011 auf Lanzarote und spricht deutsch, englisch und spanisch.<br \/><\/span><\/p>\n<hr \/>\n<p><span style=\"color: #333333;\">\u00a0<\/span><\/p>\n<\/div>\n<\/div>\n<div id=\"panel-77-2-2-1\" class=\"so-panel widget widget_black-studio-tinymce widget_black_studio_tinymce panel-last-child\" data-index=\"4\" data-style=\"{&quot;background_display&quot;:&quot;tile&quot;}\" >\n<div class=\"textwidget\">\n<p><a href=\"http:\/\/www.casa-shakti.com\/wp-content\/uploads\/2015\/04\/DSC_95292-e1432896065912.jpg\"><img loading=\"lazy\" class=\"    wp-image-2024  aligncenter\" src=\"http:\/\/www.casa-shakti.com\/wp-content\/uploads\/2015\/04\/DSC_95292-e1432896065912.jpg\" alt=\"\" width=\"296\" height=\"240\" srcset=\"http:\/\/www.casa-shakti.com\/wp-content\/uploads\/2015\/04\/DSC_95292-e1432896065912.jpg 451w, http:\/\/www.casa-shakti.com\/wp-content\/uploads\/2015\/04\/DSC_95292-e1432896065912-300x243.jpg 300w\" sizes=\"(max-width: 296px) 100vw, 296px\" \/><\/a><span style=\"color: #993366;\"><strong>Luka<\/strong><br \/><\/span>ist gelernte und selbst\u00e4ndige Mediengestalterin im Bereich Digital &amp; Print. FORMGETREU hei\u00dft ihre Firma in Deutschland. Eine Leidenschaft, die Neues schafft. Ihr Passion zum Radfahren und Fotografie hat sie zu <b>casa shakti<\/b> gebracht.<\/p>\n<hr \/>\n<p>\u00a0<\/p>\n<\/div>\n<\/div>\n<\/div>\n<\/div>\n<div id=\"pg-77-3\"  class=\"panel-grid panel-no-style\" >\n<div id=\"pgc-77-3-0\"  class=\"panel-grid-cell\"  data-weight=\"1\" >\n<div id=\"panel-77-3-0-0\" class=\"so-panel widget widget_black-studio-tinymce widget_black_studio_tinymce panel-first-child\" data-index=\"5\" data-style=\"{&quot;background_display&quot;:&quot;tile&quot;}\" >\n<div class=\"textwidget\">\n<ul>\n<li>Seit September 2012 fanden regelm\u00e4\u00dfige Yogawochen mit unterschiedlichen Schwerpunkten im casa-shakti in Guatiza statt.<\/li>\n<li>Seit September 2015 finden die Yogawochen im <strong>shakti-yoga Studio<\/strong> in Costa Teguise statt<\/li>\n<li>Monika bereichert das Team mit ihren ayurvedischen Kochkursen und ihren Mantren- Healingsingen seit Dezember 2013.<\/li>\n<li>Seit November 2014 k\u00fcmmert sich Luka um die Webpr\u00e4sentation und die Fotos.<\/li>\n<li>Ab September 2015 werden Luka und Conny gemeinsame Yoga und Bike Wochen\u00a0anbieten.<\/li>\n<li>Im Februar 2015 er\u00f6ffnete Conny ihr Yogastudio <b>shakti-yoga\u00a0<\/b>in Costa Teguise, indem laufende Yogakurse angeboten werden sowie Aerial-Yoga mit Lourdes, Andrea oder Conny, Hatha-Yoga mit\u00a0Monika, Schwangeren Yoga mit Paula und Meditationen mit Zulaika.<\/li>\n<\/ul>\n<\/div>\n<\/div>\n<div id=\"panel-77-3-0-1\" class=\"so-panel widget widget_sow-image panel-last-child\" data-index=\"6\" data-style=\"{&quot;background_display&quot;:&quot;tile&quot;}\" >\n<div class=\"so-widget-sow-image so-widget-sow-image-default-813df796d9b1\">\n<div class=\"sow-image-container\">\n\t<img loading=\"lazy\" src=\"http:\/\/www.casa-shakti.com\/wp-content\/uploads\/2011\/10\/yoga-pose3.png\" width=\"1417\" height=\"411\" srcset=\"http:\/\/www.casa-shakti.com\/wp-content\/uploads\/2011\/10\/yoga-pose3.png 1417w, http:\/\/www.casa-shakti.com\/wp-content\/uploads\/2011\/10\/yoga-pose3-300x87.png 300w, http:\/\/www.casa-shakti.com\/wp-content\/uploads\/2011\/10\/yoga-pose3-1024x297.png 1024w\" sizes=\"(max-width: 1417px) 100vw, 1417px\" title=\"yoga-pose3,\" \t\tclass=\"so-widget-image\"\/>\n<\/div>\n<\/div>\n<\/div>\n<\/div>\n<\/div>\n<\/div>\n","protected":false},"excerpt":{"rendered":"<p>Connylebt seit August 2010 auf Lanzarote in Costa Teguise. Sie spricht deutsch, englisch und spanisch. Anfang 2007 machte sie eine Ausbildung als Thai-Yoga-Masseurin in Chiang Mai (Thailand) und entdeckte dort,\u00a0nach 20 Jahren wieder neu, Yoga f\u00fcr sich. Die n\u00e4chsten Jahre<\/p>\n","protected":false},"author":2,"featured_media":0,"parent":57,"menu_order":0,"comment_status":"closed","ping_status":"closed","template":"page-templates\/contact.php","meta":[],"translation":{"provider":"WPGlobus","version":"2.8.2","language":"gb","enabled_languages":["de","gb","es"],"languages":{"de":{"title":true,"content":true,"excerpt":false},"gb":{"title":false,"content":false,"excerpt":false},"es":{"title":false,"content":false,"excerpt":false}}},"_links":{"self":[{"href":"http:\/\/www.casa-shakti.com\/gb\/wp-json\/wp\/v2\/pages\/77"}],"collection":[{"href":"http:\/\/www.casa-shakti.com\/gb\/wp-json\/wp\/v2\/pages"}],"about":[{"href":"http:\/\/www.casa-shakti.com\/gb\/wp-json\/wp\/v2\/types\/page"}],"author":[{"embeddable":true,"href":"http:\/\/www.casa-shakti.com\/gb\/wp-json\/wp\/v2\/users\/2"}],"replies":[{"embeddable":true,"href":"http:\/\/www.casa-shakti.com\/gb\/wp-json\/wp\/v2\/comments?post=77"}],"version-history":[{"count":124,"href":"http:\/\/www.casa-shakti.com\/gb\/wp-json\/wp\/v2\/pages\/77\/revisions"}],"predecessor-version":[{"id":3890,"href":"http:\/\/www.casa-shakti.com\/gb\/wp-json\/wp\/v2\/pages\/77\/revisions\/3890"}],"up":[{"embeddable":true,"href":"http:\/\/www.casa-shakti.com\/gb\/wp-json\/wp\/v2\/pages\/57"}],"wp:attachment":[{"href":"http:\/\/www.casa-shakti.com\/gb\/wp-json\/wp\/v2\/media?parent=77"}],"curies":[{"name":"wp","href":"https:\/\/api.w.org\/{rel}","templated":true}]}}