{"id":81,"date":"2011-10-25T16:31:10","date_gmt":"2011-10-25T16:31:10","guid":{"rendered":"http:\/\/casa-shakti.com\/?page_id=81"},"modified":"2015-08-24T13:08:07","modified_gmt":"2015-08-24T13:08:07","slug":"lanzarote","status":"publish","type":"page","link":"http:\/\/www.casa-shakti.com\/gb\/relax-and-feel\/lanzarote\/","title":{"rendered":"Lanzarote"},"content":{"rendered":"<p><strong>Schon in der Antike wurden die Kanaren die \u201cGl\u00fccklichen Inseln\u201c oder die \u201cInseln der Seligen\u201c genannt. Es hie\u00df, sie l\u00e4gen am Ende der bewohnten Welt und seien \u00dcberreste des versunkenen Atlantis, eines irdischen Paradieses, mit einem stets angenehmen milden Klima.<\/strong><\/p>\n<p>Im Atlantischen Ozean, nur 140 km von der nordafrikanischen K\u00fcste entfernt liegt <strong>Lanzarote<\/strong>, eine der sieben Hauptinseln der Kanaren und sicherlich die faszinierendste und bizarrste der \u201cgl\u00fcckseligen\u201c Kanaren.<\/p>\n<p>Die Insel hat sehr viel an elementarer Natur zu bieten: Strahlender Sonnenschein, k\u00fchlender Passatwind, endloses Meer mit m\u00e4chtigen Atlantikwellen, Pflanzen, die kaum Wasser ben\u00f6tigen und dem Wind standhalten. Und Vulkane. Mehr als 300 Vulkankegel verteilen sich \u00fcber die Insel. Die letzten gro\u00dfen Vulkanausbr\u00fcche ereigneten sich von 1730 bis 1736 sowie im Jahre 1824 bei denen ein Gro\u00dfteil der Insel von Lavamassen \u00fcberrollt wurde. Noch heute gleicht dieses mittlerweile unter Naturschutz gestellte Gebiet einer fantastischen Mondlandschaft. Es gibt auf der ganzen Erde kaum einen anderen Ort, an dem man ein Vulkangebiet so nah und greifbar erleben kann. Je nach Stand der Sonne und Temperatur erstrahlen die Feuerberge im Nationalpark Timanfaya in den unterschiedlichsten Farben von feuerrot bis tiefschwarz.<\/p>\n<p><strong>Lanzarote<\/strong> ist zum Gl\u00fcck bis heute vom Massentourismus verschont geblieben, riesige Bettenburgen gibt es hier nicht. Im Inselinneren, in den typisch kanarischen D\u00f6rfern, scheint es immer noch so, als sei die Zeit stehen geblieben.<br \/>\nUnd wer Sonnenbaden liebt, der kann an einem der vielen wundersch\u00f6nen Sandstr\u00e4nde mit t\u00fcrkisblauem, sauberen Meerwasser, das zum Schwimmen und Schnorcheln einl\u00e4dt, so richtig entspannen.<\/p>\n<p>Die Sch\u00f6nheit der Vulkaninsel, das milde Klima sowie die immer scheinende Sonne machen einen Urlaub auf <strong>Lanzarote<\/strong> zu einem unvergesslichen Erlebnis.<\/p>\n","protected":false},"excerpt":{"rendered":"<p>Schon in der Antike wurden die Kanaren die \u201cGl\u00fccklichen Inseln\u201c oder die \u201cInseln der Seligen\u201c genannt. Es hie\u00df, sie l\u00e4gen am Ende der bewohnten Welt und seien \u00dcberreste des versunkenen Atlantis, eines irdischen Paradieses, mit einem stets angenehmen milden Klima.<\/p>\n","protected":false},"author":2,"featured_media":0,"parent":57,"menu_order":0,"comment_status":"closed","ping_status":"closed","template":"page-templates\/contact.php","meta":[],"translation":{"provider":"WPGlobus","version":"2.8.2","language":"gb","enabled_languages":["de","gb","es"],"languages":{"de":{"title":true,"content":true,"excerpt":false},"gb":{"title":false,"content":false,"excerpt":false},"es":{"title":false,"content":false,"excerpt":false}}},"_links":{"self":[{"href":"http:\/\/www.casa-shakti.com\/gb\/wp-json\/wp\/v2\/pages\/81"}],"collection":[{"href":"http:\/\/www.casa-shakti.com\/gb\/wp-json\/wp\/v2\/pages"}],"about":[{"href":"http:\/\/www.casa-shakti.com\/gb\/wp-json\/wp\/v2\/types\/page"}],"author":[{"embeddable":true,"href":"http:\/\/www.casa-shakti.com\/gb\/wp-json\/wp\/v2\/users\/2"}],"replies":[{"embeddable":true,"href":"http:\/\/www.casa-shakti.com\/gb\/wp-json\/wp\/v2\/comments?post=81"}],"version-history":[{"count":42,"href":"http:\/\/www.casa-shakti.com\/gb\/wp-json\/wp\/v2\/pages\/81\/revisions"}],"predecessor-version":[{"id":3166,"href":"http:\/\/www.casa-shakti.com\/gb\/wp-json\/wp\/v2\/pages\/81\/revisions\/3166"}],"up":[{"embeddable":true,"href":"http:\/\/www.casa-shakti.com\/gb\/wp-json\/wp\/v2\/pages\/57"}],"wp:attachment":[{"href":"http:\/\/www.casa-shakti.com\/gb\/wp-json\/wp\/v2\/media?parent=81"}],"curies":[{"name":"wp","href":"https:\/\/api.w.org\/{rel}","templated":true}]}}